{"id":17612,"date":"2024-08-12T13:08:28","date_gmt":"2024-08-12T11:08:28","guid":{"rendered":"https:\/\/cardonaturisme.cat\/?page_id=17612"},"modified":"2025-02-03T11:57:25","modified_gmt":"2025-02-03T10:57:25","slug":"centre-de-randonnee-de-cardona","status":"publish","type":"page","link":"https:\/\/cardonaturisme.cat\/fr\/decouvrir-cardona\/routes-et-environnement\/centre-de-randonnee-de-cardona\/","title":{"rendered":"Centre de randonn\u00e9e de Cardona"},"content":{"rendered":"\t\t<div data-elementor-type=\"wp-page\" data-elementor-id=\"17612\" class=\"elementor elementor-17612 elementor-5303\" wpc-filter-elementor-widget=\"1\" data-elementor-post-type=\"page\">\n\t\t\t\t<div class=\"elementor-element elementor-element-5428704 dc-has-condition dc-condition-equal e-flex e-con-boxed e-con e-parent\" data-id=\"5428704\" data-element_type=\"container\" data-e-type=\"container\">\n\t\t\t\t\t<div class=\"e-con-inner\">\n\t\t\t\t<div class=\"elementor-element elementor-element-d4e53d6 elementor-widget elementor-widget-breadcrumbs\" data-id=\"d4e53d6\" data-element_type=\"widget\" data-e-type=\"widget\" data-widget_type=\"breadcrumbs.default\">\n\t\t\t\t<div class=\"elementor-widget-container\">\n\t\t\t\t\t<div id=\"breadcrumbs\"><span><span><a href=\"https:\/\/cardonaturisme.cat\/fr\/\">Inici<\/a><\/span><\/span><\/div>\t\t\t\t<\/div>\n\t\t\t\t<\/div>\n\t\t\t\t<div class=\"elementor-element elementor-element-cbc81e9 elementor-widget elementor-widget-spacer\" data-id=\"cbc81e9\" data-element_type=\"widget\" data-e-type=\"widget\" data-widget_type=\"spacer.default\">\n\t\t\t\t<div class=\"elementor-widget-container\">\n\t\t\t\t\t\t\t<div class=\"elementor-spacer\">\n\t\t\t<div class=\"elementor-spacer-inner\"><\/div>\n\t\t<\/div>\n\t\t\t\t\t\t<\/div>\n\t\t\t\t<\/div>\n\t\t\t\t<div class=\"elementor-element elementor-element-84c39d3 elementor-widget elementor-widget-heading\" data-id=\"84c39d3\" data-element_type=\"widget\" data-e-type=\"widget\" data-widget_type=\"heading.default\">\n\t\t\t\t<div class=\"elementor-widget-container\">\n\t\t\t\t\t<h1 class=\"elementor-heading-title elementor-size-default\">Routes wikiloc Centre Randonneur de Cardona<\/h1>\t\t\t\t<\/div>\n\t\t\t\t<\/div>\n\t\t\t\t\t<\/div>\n\t\t\t\t<\/div>\n\t\t<div class=\"elementor-element elementor-element-74d5251 e-flex e-con-boxed e-con e-parent\" data-id=\"74d5251\" data-element_type=\"container\" data-e-type=\"container\" data-settings=\"{&quot;background_background&quot;:&quot;classic&quot;}\">\n\t\t\t\t\t<div class=\"e-con-inner\">\n\t\t<div class=\"elementor-element elementor-element-cf10df8 e-con-full e-flex e-con e-child\" data-id=\"cf10df8\" data-element_type=\"container\" data-e-type=\"container\">\n\t\t\t\t<div class=\"elementor-element elementor-element-68b897a elementor-widget elementor-widget-image\" data-id=\"68b897a\" data-element_type=\"widget\" data-e-type=\"widget\" data-widget_type=\"image.default\">\n\t\t\t\t<div class=\"elementor-widget-container\">\n\t\t\t\t\t\t\t\t\t\t\t\t\t\t\t<img fetchpriority=\"high\" decoding=\"async\" width=\"800\" height=\"534\" src=\"https:\/\/cardonaturisme.cat\/wp-content\/uploads\/2024\/10\/DSC8677_BA-1024x683.jpg\" class=\"attachment-large size-large wp-image-16250\" alt=\"\" srcset=\"https:\/\/cardonaturisme.cat\/wp-content\/uploads\/2024\/10\/DSC8677_BA-1024x683.jpg 1024w, https:\/\/cardonaturisme.cat\/wp-content\/uploads\/2024\/10\/DSC8677_BA-300x200.jpg 300w, https:\/\/cardonaturisme.cat\/wp-content\/uploads\/2024\/10\/DSC8677_BA-768x512.jpg 768w, https:\/\/cardonaturisme.cat\/wp-content\/uploads\/2024\/10\/DSC8677_BA-1536x1025.jpg 1536w, https:\/\/cardonaturisme.cat\/wp-content\/uploads\/2024\/10\/DSC8677_BA-2048x1366.jpg 2048w\" sizes=\"(max-width: 800px) 100vw, 800px\" \/>\t\t\t\t\t\t\t\t\t\t\t\t\t\t\t<\/div>\n\t\t\t\t<\/div>\n\t\t\t\t<\/div>\n\t\t<div class=\"elementor-element elementor-element-f7088aa e-con-full e-flex e-con e-child\" data-id=\"f7088aa\" data-element_type=\"container\" data-e-type=\"container\">\n\t\t\t\t<div class=\"elementor-element elementor-element-dbc29a8 elementor-widget elementor-widget-heading\" data-id=\"dbc29a8\" data-element_type=\"widget\" data-e-type=\"widget\" data-widget_type=\"heading.default\">\n\t\t\t\t<div class=\"elementor-widget-container\">\n\t\t\t\t\t<h4 class=\"elementor-heading-title elementor-size-default\">Le Centre Randonneur de Cardona nous propose diff\u00e9rents itin\u00e9raires pour d\u00e9couvrir le patrimoine naturel et historique du territoire et des environs de Cardona.<\/h4>\t\t\t\t<\/div>\n\t\t\t\t<\/div>\n\t\t\t\t<div class=\"elementor-element elementor-element-63b9129 elementor-widget elementor-widget-spacer\" data-id=\"63b9129\" data-element_type=\"widget\" data-e-type=\"widget\" data-widget_type=\"spacer.default\">\n\t\t\t\t<div class=\"elementor-widget-container\">\n\t\t\t\t\t\t\t<div class=\"elementor-spacer\">\n\t\t\t<div class=\"elementor-spacer-inner\"><\/div>\n\t\t<\/div>\n\t\t\t\t\t\t<\/div>\n\t\t\t\t<\/div>\n\t\t\t\t<div class=\"elementor-element elementor-element-dbf3d7f elementor-align-left elementor-widget elementor-widget-button\" data-id=\"dbf3d7f\" data-element_type=\"widget\" data-e-type=\"widget\" data-widget_type=\"button.default\">\n\t\t\t\t<div class=\"elementor-widget-container\">\n\t\t\t\t\t\t\t\t\t<div class=\"elementor-button-wrapper\">\n\t\t\t\t\t<a class=\"elementor-button elementor-button-link elementor-size-sm\" href=\"https:\/\/es.wikiloc.com\/wikiloc\/map.do?sw=41.89110075472691%2C1.6481670401128545&#038;ne=41.9363192452731%2C1.7089329598871454&#038;place=Cardona&#038;uid=7947950&#038;page=1\" target=\"_blank\">\n\t\t\t\t\t\t<span class=\"elementor-button-content-wrapper\">\n\t\t\t\t\t\t\t\t\t<span class=\"elementor-button-text\">DISPONIBLE SUR WIKILOC<\/span>\n\t\t\t\t\t<\/span>\n\t\t\t\t\t<\/a>\n\t\t\t\t<\/div>\n\t\t\t\t\t\t\t\t<\/div>\n\t\t\t\t<\/div>\n\t\t\t\t<\/div>\n\t\t\t\t\t<\/div>\n\t\t\t\t<\/div>\n\t\t\t\t<\/div>\n\t\t","protected":false},"excerpt":{"rendered":"<p>Routes wikiloc Centre Randonneur de Cardona Le Centre Randonneur de Cardona nous propose diff\u00e9rents itin\u00e9raires pour d\u00e9couvrir le patrimoine naturel et historique du territoire et des environs de Cardona. DISPONIBLE SUR WIKILOC<\/p>\n","protected":false},"author":1,"featured_media":0,"parent":16540,"menu_order":0,"comment_status":"closed","ping_status":"closed","template":"","meta":{"_acf_changed":false,"footnotes":""},"class_list":["post-17612","page","type-page","status-publish","hentry"],"acf":[],"yoast_head":"<!-- This site is optimized with the Yoast SEO plugin v27.4 - https:\/\/yoast.com\/product\/yoast-seo-wordpress\/ -->\n<title>Centre de randonn\u00e9e de Cardona - Cardona Turisme<\/title>\n<meta name=\"robots\" content=\"index, follow, max-snippet:-1, max-image-preview:large, max-video-preview:-1\" \/>\n<link rel=\"canonical\" href=\"https:\/\/cardonaturisme.cat\/fr\/decouvrir-cardona\/routes-et-environnement\/centre-de-randonnee-de-cardona\/\" \/>\n<meta property=\"og:locale\" content=\"fr_FR\" \/>\n<meta property=\"og:type\" content=\"article\" \/>\n<meta property=\"og:title\" content=\"Centre de randonn\u00e9e de Cardona - Cardona Turisme\" \/>\n<meta property=\"og:description\" content=\"Routes wikiloc Centre Randonneur de Cardona Le Centre Randonneur de Cardona nous propose diff\u00e9rents itin\u00e9raires pour d\u00e9couvrir le patrimoine naturel et historique du territoire et des environs de Cardona. DISPONIBLE SUR WIKILOC\" \/>\n<meta property=\"og:url\" content=\"https:\/\/cardonaturisme.cat\/fr\/decouvrir-cardona\/routes-et-environnement\/centre-de-randonnee-de-cardona\/\" \/>\n<meta property=\"og:site_name\" content=\"Cardona Turisme\" \/>\n<meta property=\"article:publisher\" content=\"https:\/\/www.facebook.com\/p\/Fundaci-Cardona-Histrica-100063704192069\/\" \/>\n<meta property=\"article:modified_time\" content=\"2025-02-03T10:57:25+00:00\" \/>\n<meta property=\"og:image\" content=\"https:\/\/cardonaturisme.cat\/wp-content\/uploads\/2024\/10\/DSC8677_BA-1024x683.jpg\" \/>\n\t<meta property=\"og:image:width\" content=\"1024\" \/>\n\t<meta property=\"og:image:height\" content=\"683\" \/>\n\t<meta property=\"og:image:type\" content=\"image\/jpeg\" \/>\n<meta name=\"twitter:card\" content=\"summary_large_image\" \/>\n<meta name=\"twitter:site\" content=\"@cardonaturisme\" \/>\n<meta name=\"twitter:label1\" content=\"Dur\u00e9e de lecture estim\u00e9e\" \/>\n\t<meta name=\"twitter:data1\" content=\"1 minute\" \/>\n<script type=\"application\/ld+json\" class=\"yoast-schema-graph\">{\"@context\":\"https:\\\/\\\/schema.org\",\"@graph\":[{\"@type\":\"WebPage\",\"@id\":\"https:\\\/\\\/cardonaturisme.cat\\\/fr\\\/decouvrir-cardona\\\/routes-et-environnement\\\/centre-de-randonnee-de-cardona\\\/\",\"url\":\"https:\\\/\\\/cardonaturisme.cat\\\/fr\\\/decouvrir-cardona\\\/routes-et-environnement\\\/centre-de-randonnee-de-cardona\\\/\",\"name\":\"Centre de randonn\u00e9e de Cardona - Cardona Turisme\",\"isPartOf\":{\"@id\":\"https:\\\/\\\/cardonaturisme.cat\\\/fr\\\/#website\"},\"primaryImageOfPage\":{\"@id\":\"https:\\\/\\\/cardonaturisme.cat\\\/fr\\\/decouvrir-cardona\\\/routes-et-environnement\\\/centre-de-randonnee-de-cardona\\\/#primaryimage\"},\"image\":{\"@id\":\"https:\\\/\\\/cardonaturisme.cat\\\/fr\\\/decouvrir-cardona\\\/routes-et-environnement\\\/centre-de-randonnee-de-cardona\\\/#primaryimage\"},\"thumbnailUrl\":\"https:\\\/\\\/cardonaturisme.cat\\\/wp-content\\\/uploads\\\/2024\\\/10\\\/DSC8677_BA-1024x683.jpg\",\"datePublished\":\"2024-08-12T11:08:28+00:00\",\"dateModified\":\"2025-02-03T10:57:25+00:00\",\"breadcrumb\":{\"@id\":\"https:\\\/\\\/cardonaturisme.cat\\\/fr\\\/decouvrir-cardona\\\/routes-et-environnement\\\/centre-de-randonnee-de-cardona\\\/#breadcrumb\"},\"inLanguage\":\"fr-FR\",\"potentialAction\":[{\"@type\":\"ReadAction\",\"target\":[\"https:\\\/\\\/cardonaturisme.cat\\\/fr\\\/decouvrir-cardona\\\/routes-et-environnement\\\/centre-de-randonnee-de-cardona\\\/\"]}]},{\"@type\":\"ImageObject\",\"inLanguage\":\"fr-FR\",\"@id\":\"https:\\\/\\\/cardonaturisme.cat\\\/fr\\\/decouvrir-cardona\\\/routes-et-environnement\\\/centre-de-randonnee-de-cardona\\\/#primaryimage\",\"url\":\"https:\\\/\\\/cardonaturisme.cat\\\/wp-content\\\/uploads\\\/2024\\\/10\\\/DSC8677_BA-1024x683.jpg\",\"contentUrl\":\"https:\\\/\\\/cardonaturisme.cat\\\/wp-content\\\/uploads\\\/2024\\\/10\\\/DSC8677_BA-1024x683.jpg\"},{\"@type\":\"BreadcrumbList\",\"@id\":\"https:\\\/\\\/cardonaturisme.cat\\\/fr\\\/decouvrir-cardona\\\/routes-et-environnement\\\/centre-de-randonnee-de-cardona\\\/#breadcrumb\",\"itemListElement\":[{\"@type\":\"ListItem\",\"position\":1,\"name\":\"Inici\",\"item\":\"https:\\\/\\\/cardonaturisme.cat\\\/fr\\\/\"},{\"@type\":\"ListItem\",\"position\":2,\"name\":\"d\u00e9couvrir\",\"item\":\"https:\\\/\\\/cardonaturisme.cat\\\/fr\\\/descobreix-cardona\\\/\"},{\"@type\":\"ListItem\",\"position\":3,\"name\":\"Routes et environnement\",\"item\":\"https:\\\/\\\/cardonaturisme.cat\\\/fr\\\/descobreix-cardona\\\/rutes-i-entorn\\\/\"},{\"@type\":\"ListItem\",\"position\":4,\"name\":\"Centre de randonn\u00e9e de Cardona\"}]},{\"@type\":\"WebSite\",\"@id\":\"https:\\\/\\\/cardonaturisme.cat\\\/fr\\\/#website\",\"url\":\"https:\\\/\\\/cardonaturisme.cat\\\/fr\\\/\",\"name\":\"Cardona Turisme\",\"description\":\"La teva hist\u00f2ria\",\"publisher\":{\"@id\":\"https:\\\/\\\/cardonaturisme.cat\\\/fr\\\/#organization\"},\"potentialAction\":[{\"@type\":\"SearchAction\",\"target\":{\"@type\":\"EntryPoint\",\"urlTemplate\":\"https:\\\/\\\/cardonaturisme.cat\\\/fr\\\/?s={search_term_string}\"},\"query-input\":{\"@type\":\"PropertyValueSpecification\",\"valueRequired\":true,\"valueName\":\"search_term_string\"}}],\"inLanguage\":\"fr-FR\"},{\"@type\":\"Organization\",\"@id\":\"https:\\\/\\\/cardonaturisme.cat\\\/fr\\\/#organization\",\"name\":\"Cardona Turisme\",\"url\":\"https:\\\/\\\/cardonaturisme.cat\\\/fr\\\/\",\"logo\":{\"@type\":\"ImageObject\",\"inLanguage\":\"fr-FR\",\"@id\":\"https:\\\/\\\/cardonaturisme.cat\\\/fr\\\/#\\\/schema\\\/logo\\\/image\\\/\",\"url\":\"https:\\\/\\\/cardonaturisme.cat\\\/wp-content\\\/uploads\\\/2023\\\/10\\\/logo-vermell-cardonaturisme.svg\",\"contentUrl\":\"https:\\\/\\\/cardonaturisme.cat\\\/wp-content\\\/uploads\\\/2023\\\/10\\\/logo-vermell-cardonaturisme.svg\",\"caption\":\"Cardona Turisme\"},\"image\":{\"@id\":\"https:\\\/\\\/cardonaturisme.cat\\\/fr\\\/#\\\/schema\\\/logo\\\/image\\\/\"},\"sameAs\":[\"https:\\\/\\\/www.facebook.com\\\/p\\\/Fundaci-Cardona-Histrica-100063704192069\\\/\",\"https:\\\/\\\/x.com\\\/cardonaturisme\"]}]}<\/script>\n<!-- \/ Yoast SEO plugin. -->","yoast_head_json":{"title":"Centre de randonn\u00e9e de Cardona - Cardona Turisme","robots":{"index":"index","follow":"follow","max-snippet":"max-snippet:-1","max-image-preview":"max-image-preview:large","max-video-preview":"max-video-preview:-1"},"canonical":"https:\/\/cardonaturisme.cat\/fr\/decouvrir-cardona\/routes-et-environnement\/centre-de-randonnee-de-cardona\/","og_locale":"fr_FR","og_type":"article","og_title":"Centre de randonn\u00e9e de Cardona - Cardona Turisme","og_description":"Routes wikiloc Centre Randonneur de Cardona Le Centre Randonneur de Cardona nous propose diff\u00e9rents itin\u00e9raires pour d\u00e9couvrir le patrimoine naturel et historique du territoire et des environs de Cardona. DISPONIBLE SUR WIKILOC","og_url":"https:\/\/cardonaturisme.cat\/fr\/decouvrir-cardona\/routes-et-environnement\/centre-de-randonnee-de-cardona\/","og_site_name":"Cardona Turisme","article_publisher":"https:\/\/www.facebook.com\/p\/Fundaci-Cardona-Histrica-100063704192069\/","article_modified_time":"2025-02-03T10:57:25+00:00","og_image":[{"width":1024,"height":683,"url":"https:\/\/cardonaturisme.cat\/wp-content\/uploads\/2024\/10\/DSC8677_BA-1024x683.jpg","type":"image\/jpeg"}],"twitter_card":"summary_large_image","twitter_site":"@cardonaturisme","twitter_misc":{"Dur\u00e9e de lecture estim\u00e9e":"1 minute"},"schema":{"@context":"https:\/\/schema.org","@graph":[{"@type":"WebPage","@id":"https:\/\/cardonaturisme.cat\/fr\/decouvrir-cardona\/routes-et-environnement\/centre-de-randonnee-de-cardona\/","url":"https:\/\/cardonaturisme.cat\/fr\/decouvrir-cardona\/routes-et-environnement\/centre-de-randonnee-de-cardona\/","name":"Centre de randonn\u00e9e de Cardona - Cardona Turisme","isPartOf":{"@id":"https:\/\/cardonaturisme.cat\/fr\/#website"},"primaryImageOfPage":{"@id":"https:\/\/cardonaturisme.cat\/fr\/decouvrir-cardona\/routes-et-environnement\/centre-de-randonnee-de-cardona\/#primaryimage"},"image":{"@id":"https:\/\/cardonaturisme.cat\/fr\/decouvrir-cardona\/routes-et-environnement\/centre-de-randonnee-de-cardona\/#primaryimage"},"thumbnailUrl":"https:\/\/cardonaturisme.cat\/wp-content\/uploads\/2024\/10\/DSC8677_BA-1024x683.jpg","datePublished":"2024-08-12T11:08:28+00:00","dateModified":"2025-02-03T10:57:25+00:00","breadcrumb":{"@id":"https:\/\/cardonaturisme.cat\/fr\/decouvrir-cardona\/routes-et-environnement\/centre-de-randonnee-de-cardona\/#breadcrumb"},"inLanguage":"fr-FR","potentialAction":[{"@type":"ReadAction","target":["https:\/\/cardonaturisme.cat\/fr\/decouvrir-cardona\/routes-et-environnement\/centre-de-randonnee-de-cardona\/"]}]},{"@type":"ImageObject","inLanguage":"fr-FR","@id":"https:\/\/cardonaturisme.cat\/fr\/decouvrir-cardona\/routes-et-environnement\/centre-de-randonnee-de-cardona\/#primaryimage","url":"https:\/\/cardonaturisme.cat\/wp-content\/uploads\/2024\/10\/DSC8677_BA-1024x683.jpg","contentUrl":"https:\/\/cardonaturisme.cat\/wp-content\/uploads\/2024\/10\/DSC8677_BA-1024x683.jpg"},{"@type":"BreadcrumbList","@id":"https:\/\/cardonaturisme.cat\/fr\/decouvrir-cardona\/routes-et-environnement\/centre-de-randonnee-de-cardona\/#breadcrumb","itemListElement":[{"@type":"ListItem","position":1,"name":"Inici","item":"https:\/\/cardonaturisme.cat\/fr\/"},{"@type":"ListItem","position":2,"name":"d\u00e9couvrir","item":"https:\/\/cardonaturisme.cat\/fr\/descobreix-cardona\/"},{"@type":"ListItem","position":3,"name":"Routes et environnement","item":"https:\/\/cardonaturisme.cat\/fr\/descobreix-cardona\/rutes-i-entorn\/"},{"@type":"ListItem","position":4,"name":"Centre de randonn\u00e9e de Cardona"}]},{"@type":"WebSite","@id":"https:\/\/cardonaturisme.cat\/fr\/#website","url":"https:\/\/cardonaturisme.cat\/fr\/","name":"Cardona Turisme","description":"La teva hist\u00f2ria","publisher":{"@id":"https:\/\/cardonaturisme.cat\/fr\/#organization"},"potentialAction":[{"@type":"SearchAction","target":{"@type":"EntryPoint","urlTemplate":"https:\/\/cardonaturisme.cat\/fr\/?s={search_term_string}"},"query-input":{"@type":"PropertyValueSpecification","valueRequired":true,"valueName":"search_term_string"}}],"inLanguage":"fr-FR"},{"@type":"Organization","@id":"https:\/\/cardonaturisme.cat\/fr\/#organization","name":"Cardona Turisme","url":"https:\/\/cardonaturisme.cat\/fr\/","logo":{"@type":"ImageObject","inLanguage":"fr-FR","@id":"https:\/\/cardonaturisme.cat\/fr\/#\/schema\/logo\/image\/","url":"https:\/\/cardonaturisme.cat\/wp-content\/uploads\/2023\/10\/logo-vermell-cardonaturisme.svg","contentUrl":"https:\/\/cardonaturisme.cat\/wp-content\/uploads\/2023\/10\/logo-vermell-cardonaturisme.svg","caption":"Cardona Turisme"},"image":{"@id":"https:\/\/cardonaturisme.cat\/fr\/#\/schema\/logo\/image\/"},"sameAs":["https:\/\/www.facebook.com\/p\/Fundaci-Cardona-Histrica-100063704192069\/","https:\/\/x.com\/cardonaturisme"]}]}},"_links":{"self":[{"href":"https:\/\/cardonaturisme.cat\/fr\/wp-json\/wp\/v2\/pages\/17612","targetHints":{"allow":["GET"]}}],"collection":[{"href":"https:\/\/cardonaturisme.cat\/fr\/wp-json\/wp\/v2\/pages"}],"about":[{"href":"https:\/\/cardonaturisme.cat\/fr\/wp-json\/wp\/v2\/types\/page"}],"author":[{"embeddable":true,"href":"https:\/\/cardonaturisme.cat\/fr\/wp-json\/wp\/v2\/users\/1"}],"replies":[{"embeddable":true,"href":"https:\/\/cardonaturisme.cat\/fr\/wp-json\/wp\/v2\/comments?post=17612"}],"version-history":[{"count":4,"href":"https:\/\/cardonaturisme.cat\/fr\/wp-json\/wp\/v2\/pages\/17612\/revisions"}],"predecessor-version":[{"id":18505,"href":"https:\/\/cardonaturisme.cat\/fr\/wp-json\/wp\/v2\/pages\/17612\/revisions\/18505"}],"up":[{"embeddable":true,"href":"https:\/\/cardonaturisme.cat\/fr\/wp-json\/wp\/v2\/pages\/16540"}],"wp:attachment":[{"href":"https:\/\/cardonaturisme.cat\/fr\/wp-json\/wp\/v2\/media?parent=17612"}],"curies":[{"name":"wp","href":"https:\/\/api.w.org\/{rel}","templated":true}]}}