{"id":17606,"date":"2024-08-12T13:07:44","date_gmt":"2024-08-12T11:07:44","guid":{"rendered":"https:\/\/cardonaturisme.cat\/?page_id=17606"},"modified":"2025-02-03T11:50:16","modified_gmt":"2025-02-03T10:50:16","slug":"itineraires-sains","status":"publish","type":"page","link":"https:\/\/cardonaturisme.cat\/fr\/decouvrir-cardona\/routes-et-environnement\/itineraires-sains\/","title":{"rendered":"itin\u00e9raires sains"},"content":{"rendered":"\t\t<div data-elementor-type=\"wp-page\" data-elementor-id=\"17606\" class=\"elementor elementor-17606 elementor-5301\" wpc-filter-elementor-widget=\"1\" data-elementor-post-type=\"page\">\n\t\t\t\t<div class=\"elementor-element elementor-element-34152bf dc-has-condition dc-condition-equal e-flex e-con-boxed e-con e-parent\" data-id=\"34152bf\" data-element_type=\"container\" data-e-type=\"container\">\n\t\t\t\t\t<div class=\"e-con-inner\">\n\t\t\t\t<div class=\"elementor-element elementor-element-e5a9b17 elementor-widget elementor-widget-breadcrumbs\" data-id=\"e5a9b17\" data-element_type=\"widget\" data-e-type=\"widget\" data-widget_type=\"breadcrumbs.default\">\n\t\t\t\t<div class=\"elementor-widget-container\">\n\t\t\t\t\t<div id=\"breadcrumbs\"><span><span><a href=\"https:\/\/cardonaturisme.cat\/fr\/\">Inici<\/a><\/span><\/span><\/div>\t\t\t\t<\/div>\n\t\t\t\t<\/div>\n\t\t\t\t<div class=\"elementor-element elementor-element-20ff81e elementor-widget elementor-widget-spacer\" data-id=\"20ff81e\" data-element_type=\"widget\" data-e-type=\"widget\" data-widget_type=\"spacer.default\">\n\t\t\t\t<div class=\"elementor-widget-container\">\n\t\t\t\t\t\t\t<div class=\"elementor-spacer\">\n\t\t\t<div class=\"elementor-spacer-inner\"><\/div>\n\t\t<\/div>\n\t\t\t\t\t\t<\/div>\n\t\t\t\t<\/div>\n\t\t\t\t<div class=\"elementor-element elementor-element-9b581ab elementor-widget elementor-widget-heading\" data-id=\"9b581ab\" data-element_type=\"widget\" data-e-type=\"widget\" data-widget_type=\"heading.default\">\n\t\t\t\t<div class=\"elementor-widget-container\">\n\t\t\t\t\t<h1 class=\"elementor-heading-title elementor-size-default\">Routes saines<\/h1>\t\t\t\t<\/div>\n\t\t\t\t<\/div>\n\t\t\t\t\t<\/div>\n\t\t\t\t<\/div>\n\t\t<div class=\"elementor-element elementor-element-af216b0 e-flex e-con-boxed e-con e-parent\" data-id=\"af216b0\" data-element_type=\"container\" data-e-type=\"container\" data-settings=\"{&quot;background_background&quot;:&quot;classic&quot;}\">\n\t\t\t\t\t<div class=\"e-con-inner\">\n\t\t<div class=\"elementor-element elementor-element-1bd7d40 e-con-full e-flex e-con e-child\" data-id=\"1bd7d40\" data-element_type=\"container\" data-e-type=\"container\">\n\t\t\t\t<div class=\"elementor-element elementor-element-9c6d145 elementor-widget elementor-widget-image\" data-id=\"9c6d145\" data-element_type=\"widget\" data-e-type=\"widget\" data-widget_type=\"image.default\">\n\t\t\t\t<div class=\"elementor-widget-container\">\n\t\t\t\t\t\t\t\t\t\t\t\t\t\t\t<img fetchpriority=\"high\" decoding=\"async\" width=\"800\" height=\"534\" src=\"https:\/\/cardonaturisme.cat\/wp-content\/uploads\/2025\/02\/DSC9041_BA-1024x683.jpg\" class=\"attachment-large size-large wp-image-18477\" alt=\"\" srcset=\"https:\/\/cardonaturisme.cat\/wp-content\/uploads\/2025\/02\/DSC9041_BA-1024x683.jpg 1024w, https:\/\/cardonaturisme.cat\/wp-content\/uploads\/2025\/02\/DSC9041_BA-300x200.jpg 300w, https:\/\/cardonaturisme.cat\/wp-content\/uploads\/2025\/02\/DSC9041_BA-768x512.jpg 768w, https:\/\/cardonaturisme.cat\/wp-content\/uploads\/2025\/02\/DSC9041_BA-1536x1025.jpg 1536w, https:\/\/cardonaturisme.cat\/wp-content\/uploads\/2025\/02\/DSC9041_BA-2048x1366.jpg 2048w\" sizes=\"(max-width: 800px) 100vw, 800px\" \/>\t\t\t\t\t\t\t\t\t\t\t\t\t\t\t<\/div>\n\t\t\t\t<\/div>\n\t\t\t\t<\/div>\n\t\t<div class=\"elementor-element elementor-element-83a9dc0 e-con-full e-flex e-con e-child\" data-id=\"83a9dc0\" data-element_type=\"container\" data-e-type=\"container\">\n\t\t\t\t<div class=\"elementor-element elementor-element-2001f47 elementor-widget elementor-widget-heading\" data-id=\"2001f47\" data-element_type=\"widget\" data-e-type=\"widget\" data-widget_type=\"heading.default\">\n\t\t\t\t<div class=\"elementor-widget-container\">\n\t\t\t\t\t<h4 class=\"elementor-heading-title elementor-size-default\">Dans le cadre de Cardona Int\u00e9gral a \u00e9t\u00e9 lanc\u00e9e \u00e9galement l\u2019adaptation d\u2019un r\u00e9seau de routes saines, reli\u00e9es entre elles, dans un double objectif : promouvoir la sant\u00e9 et encourager la coh\u00e9sion sociale de la population de Cardona.<\/h4>\t\t\t\t<\/div>\n\t\t\t\t<\/div>\n\t\t\t\t<div class=\"elementor-element elementor-element-66dfc18 elementor-widget elementor-widget-spacer\" data-id=\"66dfc18\" data-element_type=\"widget\" data-e-type=\"widget\" data-widget_type=\"spacer.default\">\n\t\t\t\t<div class=\"elementor-widget-container\">\n\t\t\t\t\t\t\t<div class=\"elementor-spacer\">\n\t\t\t<div class=\"elementor-spacer-inner\"><\/div>\n\t\t<\/div>\n\t\t\t\t\t\t<\/div>\n\t\t\t\t<\/div>\n\t\t\t\t<div class=\"elementor-element elementor-element-861e058 elementor-widget elementor-widget-heading\" data-id=\"861e058\" data-element_type=\"widget\" data-e-type=\"widget\" data-widget_type=\"heading.default\">\n\t\t\t\t<div class=\"elementor-widget-container\">\n\t\t\t\t\t<p class=\"elementor-heading-title elementor-size-default\">Les Routes Saines sont des itin\u00e9raires visant \u00e0 promouvoir l\u2019acquisition de coutumes saines \u00e0 partir de l\u2019am\u00e9nagement des espaces et de la diffusion, moyennant des panneaux d\u2019information et d\u2019autres outils qui favorisent la vie active.<\/p>\t\t\t\t<\/div>\n\t\t\t\t<\/div>\n\t\t\t\t<\/div>\n\t\t\t\t\t<\/div>\n\t\t\t\t<\/div>\n\t\t<div class=\"elementor-element elementor-element-998d8ea e-flex e-con-boxed e-con e-parent\" data-id=\"998d8ea\" data-element_type=\"container\" data-e-type=\"container\">\n\t\t\t\t\t<div class=\"e-con-inner\">\n\t\t\t\t<div class=\"elementor-element elementor-element-92ec448 elementor-widget elementor-widget-heading\" data-id=\"92ec448\" data-element_type=\"widget\" data-e-type=\"widget\" data-widget_type=\"heading.default\">\n\t\t\t\t<div class=\"elementor-widget-container\">\n\t\t\t\t\t<h3 class=\"elementor-heading-title elementor-size-default\">T\u00e9l\u00e9charger les 4 itin\u00e9raires ici (information en catalan).<\/h3>\t\t\t\t<\/div>\n\t\t\t\t<\/div>\n\t\t\t\t\t<\/div>\n\t\t\t\t<\/div>\n\t\t<div class=\"elementor-element elementor-element-a5e94d4 e-flex e-con-boxed e-con e-parent\" data-id=\"a5e94d4\" data-element_type=\"container\" data-e-type=\"container\">\n\t\t\t\t\t<div class=\"e-con-inner\">\n\t\t<div class=\"elementor-element elementor-element-ede5f83 e-con-full e-flex e-con e-child\" data-id=\"ede5f83\" data-element_type=\"container\" data-e-type=\"container\">\n\t\t<div class=\"elementor-element elementor-element-5bca342 e-con-full e-flex e-con e-child\" data-id=\"5bca342\" data-element_type=\"container\" data-e-type=\"container\" data-settings=\"{&quot;background_background&quot;:&quot;classic&quot;}\">\n\t\t\t\t<div class=\"elementor-element elementor-element-9962945 elementor-widget elementor-widget-heading\" data-id=\"9962945\" data-element_type=\"widget\" data-e-type=\"widget\" data-widget_type=\"heading.default\">\n\t\t\t\t<div class=\"elementor-widget-container\">\n\t\t\t\t\t<h4 class=\"elementor-heading-title elementor-size-default\">Ruta blava<\/h4>\t\t\t\t<\/div>\n\t\t\t\t<\/div>\n\t\t\t\t<div class=\"elementor-element elementor-element-711db76 elementor-widget elementor-widget-spacer\" data-id=\"711db76\" data-element_type=\"widget\" data-e-type=\"widget\" data-widget_type=\"spacer.default\">\n\t\t\t\t<div class=\"elementor-widget-container\">\n\t\t\t\t\t\t\t<div class=\"elementor-spacer\">\n\t\t\t<div class=\"elementor-spacer-inner\"><\/div>\n\t\t<\/div>\n\t\t\t\t\t\t<\/div>\n\t\t\t\t<\/div>\n\t\t\t\t<div class=\"elementor-element elementor-element-c5e9125 elementor-align-center elementor-widget elementor-widget-button\" data-id=\"c5e9125\" data-element_type=\"widget\" data-e-type=\"widget\" data-widget_type=\"button.default\">\n\t\t\t\t<div class=\"elementor-widget-container\">\n\t\t\t\t\t\t\t\t\t<div class=\"elementor-button-wrapper\">\n\t\t\t\t\t<a class=\"elementor-button elementor-button-link elementor-size-sm\" href=\"\/wp-content\/uploads\/2024\/09\/RUTA-BLAVA.pdf\" target=\"_blank\">\n\t\t\t\t\t\t<span class=\"elementor-button-content-wrapper\">\n\t\t\t\t\t\t\t\t\t<span class=\"elementor-button-text\">VOIR<\/span>\n\t\t\t\t\t<\/span>\n\t\t\t\t\t<\/a>\n\t\t\t\t<\/div>\n\t\t\t\t\t\t\t\t<\/div>\n\t\t\t\t<\/div>\n\t\t\t\t<\/div>\n\t\t\t\t<\/div>\n\t\t<div class=\"elementor-element elementor-element-8a3756a e-con-full e-flex e-con e-child\" data-id=\"8a3756a\" data-element_type=\"container\" data-e-type=\"container\">\n\t\t<div class=\"elementor-element elementor-element-108f40b e-con-full e-flex e-con e-child\" data-id=\"108f40b\" data-element_type=\"container\" data-e-type=\"container\" data-settings=\"{&quot;background_background&quot;:&quot;classic&quot;}\">\n\t\t\t\t<div class=\"elementor-element elementor-element-fa12a8c elementor-widget elementor-widget-heading\" data-id=\"fa12a8c\" data-element_type=\"widget\" data-e-type=\"widget\" data-widget_type=\"heading.default\">\n\t\t\t\t<div class=\"elementor-widget-container\">\n\t\t\t\t\t<h4 class=\"elementor-heading-title elementor-size-default\">Ruta verda<\/h4>\t\t\t\t<\/div>\n\t\t\t\t<\/div>\n\t\t\t\t<div class=\"elementor-element elementor-element-ddf9966 elementor-widget elementor-widget-spacer\" data-id=\"ddf9966\" data-element_type=\"widget\" data-e-type=\"widget\" data-widget_type=\"spacer.default\">\n\t\t\t\t<div class=\"elementor-widget-container\">\n\t\t\t\t\t\t\t<div class=\"elementor-spacer\">\n\t\t\t<div class=\"elementor-spacer-inner\"><\/div>\n\t\t<\/div>\n\t\t\t\t\t\t<\/div>\n\t\t\t\t<\/div>\n\t\t\t\t<div class=\"elementor-element elementor-element-2b7cfc1 elementor-align-center elementor-widget elementor-widget-button\" data-id=\"2b7cfc1\" data-element_type=\"widget\" data-e-type=\"widget\" data-widget_type=\"button.default\">\n\t\t\t\t<div class=\"elementor-widget-container\">\n\t\t\t\t\t\t\t\t\t<div class=\"elementor-button-wrapper\">\n\t\t\t\t\t<a class=\"elementor-button elementor-button-link elementor-size-sm\" href=\"\/wp-content\/uploads\/2024\/09\/RUTA-VERDA.pdf\" target=\"_blank\">\n\t\t\t\t\t\t<span class=\"elementor-button-content-wrapper\">\n\t\t\t\t\t\t\t\t\t<span class=\"elementor-button-text\">VOIR<\/span>\n\t\t\t\t\t<\/span>\n\t\t\t\t\t<\/a>\n\t\t\t\t<\/div>\n\t\t\t\t\t\t\t\t<\/div>\n\t\t\t\t<\/div>\n\t\t\t\t<\/div>\n\t\t\t\t<\/div>\n\t\t<div class=\"elementor-element elementor-element-03cef2f e-con-full e-flex e-con e-child\" data-id=\"03cef2f\" data-element_type=\"container\" data-e-type=\"container\">\n\t\t<div class=\"elementor-element elementor-element-d860b51 e-con-full e-flex e-con e-child\" data-id=\"d860b51\" data-element_type=\"container\" data-e-type=\"container\" data-settings=\"{&quot;background_background&quot;:&quot;classic&quot;}\">\n\t\t\t\t<div class=\"elementor-element elementor-element-c8c9e02 elementor-widget elementor-widget-heading\" data-id=\"c8c9e02\" data-element_type=\"widget\" data-e-type=\"widget\" data-widget_type=\"heading.default\">\n\t\t\t\t<div class=\"elementor-widget-container\">\n\t\t\t\t\t<h4 class=\"elementor-heading-title elementor-size-default\">Ruta groga<\/h4>\t\t\t\t<\/div>\n\t\t\t\t<\/div>\n\t\t\t\t<div class=\"elementor-element elementor-element-ee1a8bf elementor-widget elementor-widget-spacer\" data-id=\"ee1a8bf\" data-element_type=\"widget\" data-e-type=\"widget\" data-widget_type=\"spacer.default\">\n\t\t\t\t<div class=\"elementor-widget-container\">\n\t\t\t\t\t\t\t<div class=\"elementor-spacer\">\n\t\t\t<div class=\"elementor-spacer-inner\"><\/div>\n\t\t<\/div>\n\t\t\t\t\t\t<\/div>\n\t\t\t\t<\/div>\n\t\t\t\t<div class=\"elementor-element elementor-element-3ff5c91 elementor-align-center elementor-widget elementor-widget-button\" data-id=\"3ff5c91\" data-element_type=\"widget\" data-e-type=\"widget\" data-widget_type=\"button.default\">\n\t\t\t\t<div class=\"elementor-widget-container\">\n\t\t\t\t\t\t\t\t\t<div class=\"elementor-button-wrapper\">\n\t\t\t\t\t<a class=\"elementor-button elementor-button-link elementor-size-sm\" href=\"\/wp-content\/uploads\/2024\/09\/RUTA-GROGA.pdf\" target=\"_blank\">\n\t\t\t\t\t\t<span class=\"elementor-button-content-wrapper\">\n\t\t\t\t\t\t\t\t\t<span class=\"elementor-button-text\">VOIR<\/span>\n\t\t\t\t\t<\/span>\n\t\t\t\t\t<\/a>\n\t\t\t\t<\/div>\n\t\t\t\t\t\t\t\t<\/div>\n\t\t\t\t<\/div>\n\t\t\t\t<\/div>\n\t\t\t\t<\/div>\n\t\t<div class=\"elementor-element elementor-element-509ce51 e-con-full e-flex e-con e-child\" data-id=\"509ce51\" data-element_type=\"container\" data-e-type=\"container\">\n\t\t<div class=\"elementor-element elementor-element-52324b9 e-con-full e-flex e-con e-child\" data-id=\"52324b9\" data-element_type=\"container\" data-e-type=\"container\" data-settings=\"{&quot;background_background&quot;:&quot;classic&quot;}\">\n\t\t\t\t<div class=\"elementor-element elementor-element-2af8545 elementor-widget elementor-widget-heading\" data-id=\"2af8545\" data-element_type=\"widget\" data-e-type=\"widget\" data-widget_type=\"heading.default\">\n\t\t\t\t<div class=\"elementor-widget-container\">\n\t\t\t\t\t<h4 class=\"elementor-heading-title elementor-size-default\">Ruta vermella<\/h4>\t\t\t\t<\/div>\n\t\t\t\t<\/div>\n\t\t\t\t<div class=\"elementor-element elementor-element-64a9ce3 elementor-widget elementor-widget-spacer\" data-id=\"64a9ce3\" data-element_type=\"widget\" data-e-type=\"widget\" data-widget_type=\"spacer.default\">\n\t\t\t\t<div class=\"elementor-widget-container\">\n\t\t\t\t\t\t\t<div class=\"elementor-spacer\">\n\t\t\t<div class=\"elementor-spacer-inner\"><\/div>\n\t\t<\/div>\n\t\t\t\t\t\t<\/div>\n\t\t\t\t<\/div>\n\t\t\t\t<div class=\"elementor-element elementor-element-34a704f elementor-align-center elementor-widget elementor-widget-button\" data-id=\"34a704f\" data-element_type=\"widget\" data-e-type=\"widget\" data-widget_type=\"button.default\">\n\t\t\t\t<div class=\"elementor-widget-container\">\n\t\t\t\t\t\t\t\t\t<div class=\"elementor-button-wrapper\">\n\t\t\t\t\t<a class=\"elementor-button elementor-button-link elementor-size-sm\" href=\"\/wp-content\/uploads\/2024\/09\/RUTA-VERMELLA.pdf\" target=\"_blank\">\n\t\t\t\t\t\t<span class=\"elementor-button-content-wrapper\">\n\t\t\t\t\t\t\t\t\t<span class=\"elementor-button-text\">VOIR<\/span>\n\t\t\t\t\t<\/span>\n\t\t\t\t\t<\/a>\n\t\t\t\t<\/div>\n\t\t\t\t\t\t\t\t<\/div>\n\t\t\t\t<\/div>\n\t\t\t\t<\/div>\n\t\t\t\t<\/div>\n\t\t\t\t\t<\/div>\n\t\t\t\t<\/div>\n\t\t\t\t<\/div>\n\t\t","protected":false},"excerpt":{"rendered":"<p>Routes saines Dans le cadre de Cardona Int\u00e9gral a \u00e9t\u00e9 lanc\u00e9e \u00e9galement l\u2019adaptation d\u2019un r\u00e9seau de routes saines, reli\u00e9es entre elles, dans un double objectif : promouvoir la sant\u00e9 et encourager la coh\u00e9sion sociale de la population de Cardona. Les Routes Saines sont des itin\u00e9raires visant \u00e0 promouvoir l\u2019acquisition de coutumes saines \u00e0 partir de [&hellip;]<\/p>\n","protected":false},"author":1,"featured_media":0,"parent":16540,"menu_order":0,"comment_status":"closed","ping_status":"closed","template":"","meta":{"_acf_changed":false,"footnotes":""},"class_list":["post-17606","page","type-page","status-publish","hentry"],"acf":[],"yoast_head":"<!-- This site is optimized with the Yoast SEO plugin v27.4 - https:\/\/yoast.com\/product\/yoast-seo-wordpress\/ -->\n<title>itin\u00e9raires sains - Cardona Turisme<\/title>\n<meta name=\"robots\" content=\"index, follow, max-snippet:-1, max-image-preview:large, max-video-preview:-1\" \/>\n<link rel=\"canonical\" href=\"https:\/\/cardonaturisme.cat\/fr\/decouvrir-cardona\/routes-et-environnement\/itineraires-sains\/\" \/>\n<meta property=\"og:locale\" content=\"fr_FR\" \/>\n<meta property=\"og:type\" content=\"article\" \/>\n<meta property=\"og:title\" content=\"itin\u00e9raires sains - Cardona Turisme\" \/>\n<meta property=\"og:description\" content=\"Routes saines Dans le cadre de Cardona Int\u00e9gral a \u00e9t\u00e9 lanc\u00e9e \u00e9galement l\u2019adaptation d\u2019un r\u00e9seau de routes saines, reli\u00e9es entre elles, dans un double objectif : promouvoir la sant\u00e9 et encourager la coh\u00e9sion sociale de la population de Cardona. Les Routes Saines sont des itin\u00e9raires visant \u00e0 promouvoir l\u2019acquisition de coutumes saines \u00e0 partir de [&hellip;]\" \/>\n<meta property=\"og:url\" content=\"https:\/\/cardonaturisme.cat\/fr\/decouvrir-cardona\/routes-et-environnement\/itineraires-sains\/\" \/>\n<meta property=\"og:site_name\" content=\"Cardona Turisme\" \/>\n<meta property=\"article:publisher\" content=\"https:\/\/www.facebook.com\/p\/Fundaci-Cardona-Histrica-100063704192069\/\" \/>\n<meta property=\"article:modified_time\" content=\"2025-02-03T10:50:16+00:00\" \/>\n<meta property=\"og:image\" content=\"https:\/\/cardonaturisme.cat\/wp-content\/uploads\/2025\/02\/DSC9041_BA-1024x683.jpg\" \/>\n\t<meta property=\"og:image:width\" content=\"1024\" \/>\n\t<meta property=\"og:image:height\" content=\"683\" \/>\n\t<meta property=\"og:image:type\" content=\"image\/jpeg\" \/>\n<meta name=\"twitter:card\" content=\"summary_large_image\" \/>\n<meta name=\"twitter:site\" content=\"@cardonaturisme\" \/>\n<meta name=\"twitter:label1\" content=\"Dur\u00e9e de lecture estim\u00e9e\" \/>\n\t<meta name=\"twitter:data1\" content=\"1 minute\" \/>\n<script type=\"application\/ld+json\" class=\"yoast-schema-graph\">{\"@context\":\"https:\\\/\\\/schema.org\",\"@graph\":[{\"@type\":\"WebPage\",\"@id\":\"https:\\\/\\\/cardonaturisme.cat\\\/fr\\\/decouvrir-cardona\\\/routes-et-environnement\\\/itineraires-sains\\\/\",\"url\":\"https:\\\/\\\/cardonaturisme.cat\\\/fr\\\/decouvrir-cardona\\\/routes-et-environnement\\\/itineraires-sains\\\/\",\"name\":\"itin\u00e9raires sains - Cardona Turisme\",\"isPartOf\":{\"@id\":\"https:\\\/\\\/cardonaturisme.cat\\\/fr\\\/#website\"},\"primaryImageOfPage\":{\"@id\":\"https:\\\/\\\/cardonaturisme.cat\\\/fr\\\/decouvrir-cardona\\\/routes-et-environnement\\\/itineraires-sains\\\/#primaryimage\"},\"image\":{\"@id\":\"https:\\\/\\\/cardonaturisme.cat\\\/fr\\\/decouvrir-cardona\\\/routes-et-environnement\\\/itineraires-sains\\\/#primaryimage\"},\"thumbnailUrl\":\"https:\\\/\\\/cardonaturisme.cat\\\/wp-content\\\/uploads\\\/2025\\\/02\\\/DSC9041_BA-1024x683.jpg\",\"datePublished\":\"2024-08-12T11:07:44+00:00\",\"dateModified\":\"2025-02-03T10:50:16+00:00\",\"breadcrumb\":{\"@id\":\"https:\\\/\\\/cardonaturisme.cat\\\/fr\\\/decouvrir-cardona\\\/routes-et-environnement\\\/itineraires-sains\\\/#breadcrumb\"},\"inLanguage\":\"fr-FR\",\"potentialAction\":[{\"@type\":\"ReadAction\",\"target\":[\"https:\\\/\\\/cardonaturisme.cat\\\/fr\\\/decouvrir-cardona\\\/routes-et-environnement\\\/itineraires-sains\\\/\"]}]},{\"@type\":\"ImageObject\",\"inLanguage\":\"fr-FR\",\"@id\":\"https:\\\/\\\/cardonaturisme.cat\\\/fr\\\/decouvrir-cardona\\\/routes-et-environnement\\\/itineraires-sains\\\/#primaryimage\",\"url\":\"https:\\\/\\\/cardonaturisme.cat\\\/wp-content\\\/uploads\\\/2025\\\/02\\\/DSC9041_BA-1024x683.jpg\",\"contentUrl\":\"https:\\\/\\\/cardonaturisme.cat\\\/wp-content\\\/uploads\\\/2025\\\/02\\\/DSC9041_BA-1024x683.jpg\"},{\"@type\":\"BreadcrumbList\",\"@id\":\"https:\\\/\\\/cardonaturisme.cat\\\/fr\\\/decouvrir-cardona\\\/routes-et-environnement\\\/itineraires-sains\\\/#breadcrumb\",\"itemListElement\":[{\"@type\":\"ListItem\",\"position\":1,\"name\":\"Inici\",\"item\":\"https:\\\/\\\/cardonaturisme.cat\\\/fr\\\/\"},{\"@type\":\"ListItem\",\"position\":2,\"name\":\"d\u00e9couvrir\",\"item\":\"https:\\\/\\\/cardonaturisme.cat\\\/fr\\\/descobreix-cardona\\\/\"},{\"@type\":\"ListItem\",\"position\":3,\"name\":\"Routes et environnement\",\"item\":\"https:\\\/\\\/cardonaturisme.cat\\\/fr\\\/descobreix-cardona\\\/rutes-i-entorn\\\/\"},{\"@type\":\"ListItem\",\"position\":4,\"name\":\"itin\u00e9raires sains\"}]},{\"@type\":\"WebSite\",\"@id\":\"https:\\\/\\\/cardonaturisme.cat\\\/fr\\\/#website\",\"url\":\"https:\\\/\\\/cardonaturisme.cat\\\/fr\\\/\",\"name\":\"Cardona Turisme\",\"description\":\"La teva hist\u00f2ria\",\"publisher\":{\"@id\":\"https:\\\/\\\/cardonaturisme.cat\\\/fr\\\/#organization\"},\"potentialAction\":[{\"@type\":\"SearchAction\",\"target\":{\"@type\":\"EntryPoint\",\"urlTemplate\":\"https:\\\/\\\/cardonaturisme.cat\\\/fr\\\/?s={search_term_string}\"},\"query-input\":{\"@type\":\"PropertyValueSpecification\",\"valueRequired\":true,\"valueName\":\"search_term_string\"}}],\"inLanguage\":\"fr-FR\"},{\"@type\":\"Organization\",\"@id\":\"https:\\\/\\\/cardonaturisme.cat\\\/fr\\\/#organization\",\"name\":\"Cardona Turisme\",\"url\":\"https:\\\/\\\/cardonaturisme.cat\\\/fr\\\/\",\"logo\":{\"@type\":\"ImageObject\",\"inLanguage\":\"fr-FR\",\"@id\":\"https:\\\/\\\/cardonaturisme.cat\\\/fr\\\/#\\\/schema\\\/logo\\\/image\\\/\",\"url\":\"https:\\\/\\\/cardonaturisme.cat\\\/wp-content\\\/uploads\\\/2023\\\/10\\\/logo-vermell-cardonaturisme.svg\",\"contentUrl\":\"https:\\\/\\\/cardonaturisme.cat\\\/wp-content\\\/uploads\\\/2023\\\/10\\\/logo-vermell-cardonaturisme.svg\",\"caption\":\"Cardona Turisme\"},\"image\":{\"@id\":\"https:\\\/\\\/cardonaturisme.cat\\\/fr\\\/#\\\/schema\\\/logo\\\/image\\\/\"},\"sameAs\":[\"https:\\\/\\\/www.facebook.com\\\/p\\\/Fundaci-Cardona-Histrica-100063704192069\\\/\",\"https:\\\/\\\/x.com\\\/cardonaturisme\"]}]}<\/script>\n<!-- \/ Yoast SEO plugin. -->","yoast_head_json":{"title":"itin\u00e9raires sains - Cardona Turisme","robots":{"index":"index","follow":"follow","max-snippet":"max-snippet:-1","max-image-preview":"max-image-preview:large","max-video-preview":"max-video-preview:-1"},"canonical":"https:\/\/cardonaturisme.cat\/fr\/decouvrir-cardona\/routes-et-environnement\/itineraires-sains\/","og_locale":"fr_FR","og_type":"article","og_title":"itin\u00e9raires sains - Cardona Turisme","og_description":"Routes saines Dans le cadre de Cardona Int\u00e9gral a \u00e9t\u00e9 lanc\u00e9e \u00e9galement l\u2019adaptation d\u2019un r\u00e9seau de routes saines, reli\u00e9es entre elles, dans un double objectif : promouvoir la sant\u00e9 et encourager la coh\u00e9sion sociale de la population de Cardona. Les Routes Saines sont des itin\u00e9raires visant \u00e0 promouvoir l\u2019acquisition de coutumes saines \u00e0 partir de [&hellip;]","og_url":"https:\/\/cardonaturisme.cat\/fr\/decouvrir-cardona\/routes-et-environnement\/itineraires-sains\/","og_site_name":"Cardona Turisme","article_publisher":"https:\/\/www.facebook.com\/p\/Fundaci-Cardona-Histrica-100063704192069\/","article_modified_time":"2025-02-03T10:50:16+00:00","og_image":[{"width":1024,"height":683,"url":"https:\/\/cardonaturisme.cat\/wp-content\/uploads\/2025\/02\/DSC9041_BA-1024x683.jpg","type":"image\/jpeg"}],"twitter_card":"summary_large_image","twitter_site":"@cardonaturisme","twitter_misc":{"Dur\u00e9e de lecture estim\u00e9e":"1 minute"},"schema":{"@context":"https:\/\/schema.org","@graph":[{"@type":"WebPage","@id":"https:\/\/cardonaturisme.cat\/fr\/decouvrir-cardona\/routes-et-environnement\/itineraires-sains\/","url":"https:\/\/cardonaturisme.cat\/fr\/decouvrir-cardona\/routes-et-environnement\/itineraires-sains\/","name":"itin\u00e9raires sains - Cardona Turisme","isPartOf":{"@id":"https:\/\/cardonaturisme.cat\/fr\/#website"},"primaryImageOfPage":{"@id":"https:\/\/cardonaturisme.cat\/fr\/decouvrir-cardona\/routes-et-environnement\/itineraires-sains\/#primaryimage"},"image":{"@id":"https:\/\/cardonaturisme.cat\/fr\/decouvrir-cardona\/routes-et-environnement\/itineraires-sains\/#primaryimage"},"thumbnailUrl":"https:\/\/cardonaturisme.cat\/wp-content\/uploads\/2025\/02\/DSC9041_BA-1024x683.jpg","datePublished":"2024-08-12T11:07:44+00:00","dateModified":"2025-02-03T10:50:16+00:00","breadcrumb":{"@id":"https:\/\/cardonaturisme.cat\/fr\/decouvrir-cardona\/routes-et-environnement\/itineraires-sains\/#breadcrumb"},"inLanguage":"fr-FR","potentialAction":[{"@type":"ReadAction","target":["https:\/\/cardonaturisme.cat\/fr\/decouvrir-cardona\/routes-et-environnement\/itineraires-sains\/"]}]},{"@type":"ImageObject","inLanguage":"fr-FR","@id":"https:\/\/cardonaturisme.cat\/fr\/decouvrir-cardona\/routes-et-environnement\/itineraires-sains\/#primaryimage","url":"https:\/\/cardonaturisme.cat\/wp-content\/uploads\/2025\/02\/DSC9041_BA-1024x683.jpg","contentUrl":"https:\/\/cardonaturisme.cat\/wp-content\/uploads\/2025\/02\/DSC9041_BA-1024x683.jpg"},{"@type":"BreadcrumbList","@id":"https:\/\/cardonaturisme.cat\/fr\/decouvrir-cardona\/routes-et-environnement\/itineraires-sains\/#breadcrumb","itemListElement":[{"@type":"ListItem","position":1,"name":"Inici","item":"https:\/\/cardonaturisme.cat\/fr\/"},{"@type":"ListItem","position":2,"name":"d\u00e9couvrir","item":"https:\/\/cardonaturisme.cat\/fr\/descobreix-cardona\/"},{"@type":"ListItem","position":3,"name":"Routes et environnement","item":"https:\/\/cardonaturisme.cat\/fr\/descobreix-cardona\/rutes-i-entorn\/"},{"@type":"ListItem","position":4,"name":"itin\u00e9raires sains"}]},{"@type":"WebSite","@id":"https:\/\/cardonaturisme.cat\/fr\/#website","url":"https:\/\/cardonaturisme.cat\/fr\/","name":"Cardona Turisme","description":"La teva hist\u00f2ria","publisher":{"@id":"https:\/\/cardonaturisme.cat\/fr\/#organization"},"potentialAction":[{"@type":"SearchAction","target":{"@type":"EntryPoint","urlTemplate":"https:\/\/cardonaturisme.cat\/fr\/?s={search_term_string}"},"query-input":{"@type":"PropertyValueSpecification","valueRequired":true,"valueName":"search_term_string"}}],"inLanguage":"fr-FR"},{"@type":"Organization","@id":"https:\/\/cardonaturisme.cat\/fr\/#organization","name":"Cardona Turisme","url":"https:\/\/cardonaturisme.cat\/fr\/","logo":{"@type":"ImageObject","inLanguage":"fr-FR","@id":"https:\/\/cardonaturisme.cat\/fr\/#\/schema\/logo\/image\/","url":"https:\/\/cardonaturisme.cat\/wp-content\/uploads\/2023\/10\/logo-vermell-cardonaturisme.svg","contentUrl":"https:\/\/cardonaturisme.cat\/wp-content\/uploads\/2023\/10\/logo-vermell-cardonaturisme.svg","caption":"Cardona Turisme"},"image":{"@id":"https:\/\/cardonaturisme.cat\/fr\/#\/schema\/logo\/image\/"},"sameAs":["https:\/\/www.facebook.com\/p\/Fundaci-Cardona-Histrica-100063704192069\/","https:\/\/x.com\/cardonaturisme"]}]}},"_links":{"self":[{"href":"https:\/\/cardonaturisme.cat\/fr\/wp-json\/wp\/v2\/pages\/17606","targetHints":{"allow":["GET"]}}],"collection":[{"href":"https:\/\/cardonaturisme.cat\/fr\/wp-json\/wp\/v2\/pages"}],"about":[{"href":"https:\/\/cardonaturisme.cat\/fr\/wp-json\/wp\/v2\/types\/page"}],"author":[{"embeddable":true,"href":"https:\/\/cardonaturisme.cat\/fr\/wp-json\/wp\/v2\/users\/1"}],"replies":[{"embeddable":true,"href":"https:\/\/cardonaturisme.cat\/fr\/wp-json\/wp\/v2\/comments?post=17606"}],"version-history":[{"count":4,"href":"https:\/\/cardonaturisme.cat\/fr\/wp-json\/wp\/v2\/pages\/17606\/revisions"}],"predecessor-version":[{"id":18495,"href":"https:\/\/cardonaturisme.cat\/fr\/wp-json\/wp\/v2\/pages\/17606\/revisions\/18495"}],"up":[{"embeddable":true,"href":"https:\/\/cardonaturisme.cat\/fr\/wp-json\/wp\/v2\/pages\/16540"}],"wp:attachment":[{"href":"https:\/\/cardonaturisme.cat\/fr\/wp-json\/wp\/v2\/media?parent=17606"}],"curies":[{"name":"wp","href":"https:\/\/api.w.org\/{rel}","templated":true}]}}