{"id":17124,"date":"2024-08-12T16:09:45","date_gmt":"2024-08-12T14:09:45","guid":{"rendered":"https:\/\/cardonaturisme.cat\/?page_id=17124"},"modified":"2025-06-27T17:59:48","modified_gmt":"2025-06-27T15:59:48","slug":"office-de-tourisme","status":"publish","type":"page","link":"https:\/\/cardonaturisme.cat\/fr\/planifiez\/office-de-tourisme\/","title":{"rendered":"office de tourisme"},"content":{"rendered":"\t\t<div data-elementor-type=\"wp-page\" data-elementor-id=\"17124\" class=\"elementor elementor-17124 elementor-5406\" data-elementor-post-type=\"page\">\n\t\t\t\t<div class=\"elementor-element elementor-element-bbd9416 dc-has-condition dc-condition-equal e-flex e-con-boxed e-con e-parent\" data-id=\"bbd9416\" data-element_type=\"container\" data-e-type=\"container\">\n\t\t\t\t\t<div class=\"e-con-inner\">\n\t\t\t\t<div class=\"elementor-element elementor-element-228d3a2 elementor-widget elementor-widget-breadcrumbs\" data-id=\"228d3a2\" data-element_type=\"widget\" data-e-type=\"widget\" data-widget_type=\"breadcrumbs.default\">\n\t\t\t\t<div class=\"elementor-widget-container\">\n\t\t\t\t\t<div id=\"breadcrumbs\"><span><span><a href=\"https:\/\/cardonaturisme.cat\/fr\/\">Inici<\/a><\/span><\/span><\/div>\t\t\t\t<\/div>\n\t\t\t\t<\/div>\n\t\t\t\t<div class=\"elementor-element elementor-element-0c35952 elementor-widget elementor-widget-spacer\" data-id=\"0c35952\" data-element_type=\"widget\" data-e-type=\"widget\" data-widget_type=\"spacer.default\">\n\t\t\t\t<div class=\"elementor-widget-container\">\n\t\t\t\t\t\t\t<div class=\"elementor-spacer\">\n\t\t\t<div class=\"elementor-spacer-inner\"><\/div>\n\t\t<\/div>\n\t\t\t\t\t\t<\/div>\n\t\t\t\t<\/div>\n\t\t\t\t<div class=\"elementor-element elementor-element-564ef0f elementor-widget elementor-widget-heading\" data-id=\"564ef0f\" data-element_type=\"widget\" data-e-type=\"widget\" data-widget_type=\"heading.default\">\n\t\t\t\t<div class=\"elementor-widget-container\">\n\t\t\t\t\t<h1 class=\"elementor-heading-title elementor-size-default\">Office de Tourisme<\/h1>\t\t\t\t<\/div>\n\t\t\t\t<\/div>\n\t\t\t\t\t<\/div>\n\t\t\t\t<\/div>\n\t\t<div class=\"elementor-element elementor-element-2794361 e-flex e-con-boxed e-con e-parent\" data-id=\"2794361\" data-element_type=\"container\" data-e-type=\"container\" data-settings=\"{&quot;background_background&quot;:&quot;classic&quot;}\">\n\t\t\t\t\t<div class=\"e-con-inner\">\n\t\t<div class=\"elementor-element elementor-element-8d8da1a e-con-full e-flex e-con e-child\" data-id=\"8d8da1a\" data-element_type=\"container\" data-e-type=\"container\">\n\t\t\t\t<div class=\"elementor-element elementor-element-2d73390 elementor-widget elementor-widget-image\" data-id=\"2d73390\" data-element_type=\"widget\" data-e-type=\"widget\" data-widget_type=\"image.default\">\n\t\t\t\t<div class=\"elementor-widget-container\">\n\t\t\t\t\t\t\t\t\t\t\t\t\t\t\t<img fetchpriority=\"high\" decoding=\"async\" width=\"800\" height=\"534\" src=\"https:\/\/cardonaturisme.cat\/wp-content\/uploads\/2024\/10\/centre-cardona-medieval-30-1024x683.jpg\" class=\"attachment-large size-large wp-image-16172\" alt=\"\" srcset=\"https:\/\/cardonaturisme.cat\/wp-content\/uploads\/2024\/10\/centre-cardona-medieval-30-1024x683.jpg 1024w, https:\/\/cardonaturisme.cat\/wp-content\/uploads\/2024\/10\/centre-cardona-medieval-30-300x200.jpg 300w, https:\/\/cardonaturisme.cat\/wp-content\/uploads\/2024\/10\/centre-cardona-medieval-30-768x512.jpg 768w, https:\/\/cardonaturisme.cat\/wp-content\/uploads\/2024\/10\/centre-cardona-medieval-30-1536x1025.jpg 1536w, https:\/\/cardonaturisme.cat\/wp-content\/uploads\/2024\/10\/centre-cardona-medieval-30-2048x1366.jpg 2048w\" sizes=\"(max-width: 800px) 100vw, 800px\" \/>\t\t\t\t\t\t\t\t\t\t\t\t\t\t\t<\/div>\n\t\t\t\t<\/div>\n\t\t\t\t<\/div>\n\t\t<div class=\"elementor-element elementor-element-579cdbe e-con-full e-flex e-con e-child\" data-id=\"579cdbe\" data-element_type=\"container\" data-e-type=\"container\">\n\t\t\t\t<div class=\"elementor-element elementor-element-1359ccd elementor-widget elementor-widget-heading\" data-id=\"1359ccd\" data-element_type=\"widget\" data-e-type=\"widget\" data-widget_type=\"heading.default\">\n\t\t\t\t<div class=\"elementor-widget-container\">\n\t\t\t\t\t<h3 class=\"elementor-heading-title elementor-size-default\">Bienvenue \/ das \u00e0 Cardona!<\/h3>\t\t\t\t<\/div>\n\t\t\t\t<\/div>\n\t\t\t\t<div class=\"elementor-element elementor-element-6e3a5a5 elementor-widget elementor-widget-spacer\" data-id=\"6e3a5a5\" data-element_type=\"widget\" data-e-type=\"widget\" data-widget_type=\"spacer.default\">\n\t\t\t\t<div class=\"elementor-widget-container\">\n\t\t\t\t\t\t\t<div class=\"elementor-spacer\">\n\t\t\t<div class=\"elementor-spacer-inner\"><\/div>\n\t\t<\/div>\n\t\t\t\t\t\t<\/div>\n\t\t\t\t<\/div>\n\t\t\t\t<div class=\"elementor-element elementor-element-ad87e06 elementor-widget elementor-widget-heading\" data-id=\"ad87e06\" data-element_type=\"widget\" data-e-type=\"widget\" data-widget_type=\"heading.default\">\n\t\t\t\t<div class=\"elementor-widget-container\">\n\t\t\t\t\t<h5 class=\"elementor-heading-title elementor-size-default\">La premi\u00e8re recommandation imp\u00e9rative est d\u2019aller \u00e0 l\u2019Office de Tourisme de Cardona. Cet espace est con\u00e7u comme le point de r\u00e9f\u00e9rence pour savoir quoi faire, comment et quand et de quelle mani\u00e8re Cardona. Vous des rapports sur les visites guid\u00e9es et des activit\u00e9s, des itin\u00e9raires et des espaces, des lieux o\u00f9 dormir ou profiter de la gastronomie, les activit\u00e9s culturelles, les foires et les festivals\u2026 N\u2019h\u00e9sitez pas, l\u2019office de tourisme est \u00e0 votre service !<\/h5>\t\t\t\t<\/div>\n\t\t\t\t<\/div>\n\t\t\t\t<\/div>\n\t\t\t\t\t<\/div>\n\t\t\t\t<\/div>\n\t\t<div class=\"elementor-element elementor-element-b2fe4f9 e-flex e-con-boxed e-con e-parent\" data-id=\"b2fe4f9\" data-element_type=\"container\" data-e-type=\"container\" data-settings=\"{&quot;background_background&quot;:&quot;classic&quot;}\">\n\t\t\t\t\t<div class=\"e-con-inner\">\n\t\t<div class=\"elementor-element elementor-element-f2a446f e-con-full e-flex e-con e-child\" data-id=\"f2a446f\" data-element_type=\"container\" data-e-type=\"container\">\n\t\t\t\t<div class=\"elementor-element elementor-element-c3617c0 elementor-widget elementor-widget-heading\" data-id=\"c3617c0\" data-element_type=\"widget\" data-e-type=\"widget\" data-widget_type=\"heading.default\">\n\t\t\t\t<div class=\"elementor-widget-container\">\n\t\t\t\t\t<h3 class=\"elementor-heading-title elementor-size-default\">Office de Tourisme de Cardona<\/h3>\t\t\t\t<\/div>\n\t\t\t\t<\/div>\n\t\t\t\t<div class=\"elementor-element elementor-element-79eb752 elementor-widget elementor-widget-spacer\" data-id=\"79eb752\" data-element_type=\"widget\" data-e-type=\"widget\" data-widget_type=\"spacer.default\">\n\t\t\t\t<div class=\"elementor-widget-container\">\n\t\t\t\t\t\t\t<div class=\"elementor-spacer\">\n\t\t\t<div class=\"elementor-spacer-inner\"><\/div>\n\t\t<\/div>\n\t\t\t\t\t\t<\/div>\n\t\t\t\t<\/div>\n\t\t\t\t<div class=\"elementor-element elementor-element-b5ae98b elementor-widget elementor-widget-text-editor\" data-id=\"b5ae98b\" data-element_type=\"widget\" data-e-type=\"widget\" data-widget_type=\"text-editor.default\">\n\t\t\t\t<div class=\"elementor-widget-container\">\n\t\t\t\t\t\t\t\t\t<p><strong>CONTACT<\/strong><\/p><p>Carrer de la Fira, 1 &#8211; 08261 Cardona<\/p><p>oficinaturisme@cardona.cat<\/p><p>93 869 27 98<\/p><p>www.cardonaturisme.cat<\/p>\t\t\t\t\t\t\t\t<\/div>\n\t\t\t\t<\/div>\n\t\t\t\t<\/div>\n\t\t<div class=\"elementor-element elementor-element-d405cf9 e-con-full e-flex e-con e-child\" data-id=\"d405cf9\" data-element_type=\"container\" data-e-type=\"container\">\n\t\t\t\t<div class=\"elementor-element elementor-element-d2f085d elementor-widget elementor-widget-heading\" data-id=\"d2f085d\" data-element_type=\"widget\" data-e-type=\"widget\" data-widget_type=\"heading.default\">\n\t\t\t\t<div class=\"elementor-widget-container\">\n\t\t\t\t\t<h3 class=\"elementor-heading-title elementor-size-default\">Horaires<\/h3>\t\t\t\t<\/div>\n\t\t\t\t<\/div>\n\t\t\t\t<div class=\"elementor-element elementor-element-37c54a6 elementor-widget elementor-widget-spacer\" data-id=\"37c54a6\" data-element_type=\"widget\" data-e-type=\"widget\" data-widget_type=\"spacer.default\">\n\t\t\t\t<div class=\"elementor-widget-container\">\n\t\t\t\t\t\t\t<div class=\"elementor-spacer\">\n\t\t\t<div class=\"elementor-spacer-inner\"><\/div>\n\t\t<\/div>\n\t\t\t\t\t\t<\/div>\n\t\t\t\t<\/div>\n\t\t\t\t<div class=\"elementor-element elementor-element-bf72fbf elementor-widget elementor-widget-text-editor\" data-id=\"bf72fbf\" data-element_type=\"widget\" data-e-type=\"widget\" data-widget_type=\"text-editor.default\">\n\t\t\t\t<div class=\"elementor-widget-container\">\n\t\t\t\t\t\t\t\t\t<ul><li>Ferm\u00e9 le lundi<\/li><li>Du mardii au jeudi: de 10h \u00e0 14h<\/li><li>Vendredi et samedi: de 10h \u00e0 14h \/ de 16h \u00e0 19h<\/li><li>Dimanche: de 10h \u00e0 14h<\/li><li>\u00a0<\/li><\/ul><p><em>Ao\u00fbt:<\/em><\/p><ul><li>Du lundi au samedi: de 10h \u00e0 14h \/ 16h \u00e0 19h<\/li><li>Dimanche: de 10h \u00e0 14h<\/li><\/ul>\t\t\t\t\t\t\t\t<\/div>\n\t\t\t\t<\/div>\n\t\t\t\t<\/div>\n\t\t\t\t\t<\/div>\n\t\t\t\t<\/div>\n\t\t\t\t<\/div>\n\t\t","protected":false},"excerpt":{"rendered":"<p>Office de Tourisme Bienvenue \/ das \u00e0 Cardona! La premi\u00e8re recommandation imp\u00e9rative est d\u2019aller \u00e0 l\u2019Office de Tourisme de Cardona. Cet espace est con\u00e7u comme le point de r\u00e9f\u00e9rence pour savoir quoi faire, comment et quand et de quelle mani\u00e8re Cardona. Vous des rapports sur les visites guid\u00e9es et des activit\u00e9s, des itin\u00e9raires et des [&hellip;]<\/p>\n","protected":false},"author":1,"featured_media":0,"parent":17626,"menu_order":0,"comment_status":"closed","ping_status":"closed","template":"","meta":{"_acf_changed":false,"footnotes":""},"class_list":["post-17124","page","type-page","status-publish","hentry"],"acf":[],"yoast_head":"<!-- This site is optimized with the Yoast SEO plugin v27.5 - https:\/\/yoast.com\/product\/yoast-seo-wordpress\/ -->\n<title>office de tourisme - Cardona Turisme<\/title>\n<meta name=\"description\" content=\"Le Bureau de Tourisme est le point cl\u00e9 pour s\u2019informer sur tout ce que vous pouvez faire \u00e0 Cardona et profiter pleinement de votre s\u00e9jour.\" \/>\n<meta name=\"robots\" content=\"index, follow, max-snippet:-1, max-image-preview:large, max-video-preview:-1\" \/>\n<link rel=\"canonical\" href=\"https:\/\/cardonaturisme.cat\/fr\/planifiez\/office-de-tourisme\/\" \/>\n<meta property=\"og:locale\" content=\"fr_FR\" \/>\n<meta property=\"og:type\" content=\"article\" \/>\n<meta property=\"og:title\" content=\"office de tourisme - Cardona Turisme\" \/>\n<meta property=\"og:description\" content=\"Le Bureau de Tourisme est le point cl\u00e9 pour s\u2019informer sur tout ce que vous pouvez faire \u00e0 Cardona et profiter pleinement de votre s\u00e9jour.\" \/>\n<meta property=\"og:url\" content=\"https:\/\/cardonaturisme.cat\/fr\/planifiez\/office-de-tourisme\/\" \/>\n<meta property=\"og:site_name\" content=\"Cardona Turisme\" \/>\n<meta property=\"article:publisher\" content=\"https:\/\/www.facebook.com\/p\/Fundaci-Cardona-Histrica-100063704192069\/\" \/>\n<meta property=\"article:modified_time\" content=\"2025-06-27T15:59:48+00:00\" \/>\n<meta property=\"og:image\" content=\"https:\/\/cardonaturisme.cat\/wp-content\/uploads\/2024\/10\/centre-cardona-medieval-30-1024x683.jpg\" \/>\n<meta name=\"twitter:card\" content=\"summary_large_image\" \/>\n<meta name=\"twitter:site\" content=\"@cardonaturisme\" \/>\n<meta name=\"twitter:label1\" content=\"Dur\u00e9e de lecture estim\u00e9e\" \/>\n\t<meta name=\"twitter:data1\" content=\"2 minutes\" \/>\n<script type=\"application\/ld+json\" class=\"yoast-schema-graph\">{\"@context\":\"https:\\\/\\\/schema.org\",\"@graph\":[{\"@type\":\"WebPage\",\"@id\":\"https:\\\/\\\/cardonaturisme.cat\\\/fr\\\/planifiez\\\/office-de-tourisme\\\/\",\"url\":\"https:\\\/\\\/cardonaturisme.cat\\\/fr\\\/planifiez\\\/office-de-tourisme\\\/\",\"name\":\"office de tourisme - Cardona Turisme\",\"isPartOf\":{\"@id\":\"https:\\\/\\\/cardonaturisme.cat\\\/fr\\\/#website\"},\"primaryImageOfPage\":{\"@id\":\"https:\\\/\\\/cardonaturisme.cat\\\/fr\\\/planifiez\\\/office-de-tourisme\\\/#primaryimage\"},\"image\":{\"@id\":\"https:\\\/\\\/cardonaturisme.cat\\\/fr\\\/planifiez\\\/office-de-tourisme\\\/#primaryimage\"},\"thumbnailUrl\":\"https:\\\/\\\/cardonaturisme.cat\\\/wp-content\\\/uploads\\\/2024\\\/10\\\/centre-cardona-medieval-30-1024x683.jpg\",\"datePublished\":\"2024-08-12T14:09:45+00:00\",\"dateModified\":\"2025-06-27T15:59:48+00:00\",\"description\":\"Le Bureau de Tourisme est le point cl\u00e9 pour s\u2019informer sur tout ce que vous pouvez faire \u00e0 Cardona et profiter pleinement de votre s\u00e9jour.\",\"breadcrumb\":{\"@id\":\"https:\\\/\\\/cardonaturisme.cat\\\/fr\\\/planifiez\\\/office-de-tourisme\\\/#breadcrumb\"},\"inLanguage\":\"fr-FR\",\"potentialAction\":[{\"@type\":\"ReadAction\",\"target\":[\"https:\\\/\\\/cardonaturisme.cat\\\/fr\\\/planifiez\\\/office-de-tourisme\\\/\"]}]},{\"@type\":\"ImageObject\",\"inLanguage\":\"fr-FR\",\"@id\":\"https:\\\/\\\/cardonaturisme.cat\\\/fr\\\/planifiez\\\/office-de-tourisme\\\/#primaryimage\",\"url\":\"https:\\\/\\\/cardonaturisme.cat\\\/wp-content\\\/uploads\\\/2024\\\/10\\\/centre-cardona-medieval-30-1024x683.jpg\",\"contentUrl\":\"https:\\\/\\\/cardonaturisme.cat\\\/wp-content\\\/uploads\\\/2024\\\/10\\\/centre-cardona-medieval-30-1024x683.jpg\"},{\"@type\":\"BreadcrumbList\",\"@id\":\"https:\\\/\\\/cardonaturisme.cat\\\/fr\\\/planifiez\\\/office-de-tourisme\\\/#breadcrumb\",\"itemListElement\":[{\"@type\":\"ListItem\",\"position\":1,\"name\":\"Inici\",\"item\":\"https:\\\/\\\/cardonaturisme.cat\\\/fr\\\/\"},{\"@type\":\"ListItem\",\"position\":2,\"name\":\"planifiez\",\"item\":\"https:\\\/\\\/cardonaturisme.cat\\\/fr\\\/planifica\\\/\"},{\"@type\":\"ListItem\",\"position\":3,\"name\":\"office de tourisme\"}]},{\"@type\":\"WebSite\",\"@id\":\"https:\\\/\\\/cardonaturisme.cat\\\/fr\\\/#website\",\"url\":\"https:\\\/\\\/cardonaturisme.cat\\\/fr\\\/\",\"name\":\"Cardona Turisme\",\"description\":\"La teva hist\u00f2ria\",\"publisher\":{\"@id\":\"https:\\\/\\\/cardonaturisme.cat\\\/fr\\\/#organization\"},\"potentialAction\":[{\"@type\":\"SearchAction\",\"target\":{\"@type\":\"EntryPoint\",\"urlTemplate\":\"https:\\\/\\\/cardonaturisme.cat\\\/fr\\\/?s={search_term_string}\"},\"query-input\":{\"@type\":\"PropertyValueSpecification\",\"valueRequired\":true,\"valueName\":\"search_term_string\"}}],\"inLanguage\":\"fr-FR\"},{\"@type\":\"Organization\",\"@id\":\"https:\\\/\\\/cardonaturisme.cat\\\/fr\\\/#organization\",\"name\":\"Cardona Turisme\",\"url\":\"https:\\\/\\\/cardonaturisme.cat\\\/fr\\\/\",\"logo\":{\"@type\":\"ImageObject\",\"inLanguage\":\"fr-FR\",\"@id\":\"https:\\\/\\\/cardonaturisme.cat\\\/fr\\\/#\\\/schema\\\/logo\\\/image\\\/\",\"url\":\"https:\\\/\\\/cardonaturisme.cat\\\/wp-content\\\/uploads\\\/2023\\\/10\\\/logo-vermell-cardonaturisme.svg\",\"contentUrl\":\"https:\\\/\\\/cardonaturisme.cat\\\/wp-content\\\/uploads\\\/2023\\\/10\\\/logo-vermell-cardonaturisme.svg\",\"caption\":\"Cardona Turisme\"},\"image\":{\"@id\":\"https:\\\/\\\/cardonaturisme.cat\\\/fr\\\/#\\\/schema\\\/logo\\\/image\\\/\"},\"sameAs\":[\"https:\\\/\\\/www.facebook.com\\\/p\\\/Fundaci-Cardona-Histrica-100063704192069\\\/\",\"https:\\\/\\\/x.com\\\/cardonaturisme\"]}]}<\/script>\n<!-- \/ Yoast SEO plugin. -->","yoast_head_json":{"title":"office de tourisme - Cardona Turisme","description":"Le Bureau de Tourisme est le point cl\u00e9 pour s\u2019informer sur tout ce que vous pouvez faire \u00e0 Cardona et profiter pleinement de votre s\u00e9jour.","robots":{"index":"index","follow":"follow","max-snippet":"max-snippet:-1","max-image-preview":"max-image-preview:large","max-video-preview":"max-video-preview:-1"},"canonical":"https:\/\/cardonaturisme.cat\/fr\/planifiez\/office-de-tourisme\/","og_locale":"fr_FR","og_type":"article","og_title":"office de tourisme - Cardona Turisme","og_description":"Le Bureau de Tourisme est le point cl\u00e9 pour s\u2019informer sur tout ce que vous pouvez faire \u00e0 Cardona et profiter pleinement de votre s\u00e9jour.","og_url":"https:\/\/cardonaturisme.cat\/fr\/planifiez\/office-de-tourisme\/","og_site_name":"Cardona Turisme","article_publisher":"https:\/\/www.facebook.com\/p\/Fundaci-Cardona-Histrica-100063704192069\/","article_modified_time":"2025-06-27T15:59:48+00:00","og_image":[{"url":"https:\/\/cardonaturisme.cat\/wp-content\/uploads\/2024\/10\/centre-cardona-medieval-30-1024x683.jpg","type":"","width":"","height":""}],"twitter_card":"summary_large_image","twitter_site":"@cardonaturisme","twitter_misc":{"Dur\u00e9e de lecture estim\u00e9e":"2 minutes"},"schema":{"@context":"https:\/\/schema.org","@graph":[{"@type":"WebPage","@id":"https:\/\/cardonaturisme.cat\/fr\/planifiez\/office-de-tourisme\/","url":"https:\/\/cardonaturisme.cat\/fr\/planifiez\/office-de-tourisme\/","name":"office de tourisme - Cardona Turisme","isPartOf":{"@id":"https:\/\/cardonaturisme.cat\/fr\/#website"},"primaryImageOfPage":{"@id":"https:\/\/cardonaturisme.cat\/fr\/planifiez\/office-de-tourisme\/#primaryimage"},"image":{"@id":"https:\/\/cardonaturisme.cat\/fr\/planifiez\/office-de-tourisme\/#primaryimage"},"thumbnailUrl":"https:\/\/cardonaturisme.cat\/wp-content\/uploads\/2024\/10\/centre-cardona-medieval-30-1024x683.jpg","datePublished":"2024-08-12T14:09:45+00:00","dateModified":"2025-06-27T15:59:48+00:00","description":"Le Bureau de Tourisme est le point cl\u00e9 pour s\u2019informer sur tout ce que vous pouvez faire \u00e0 Cardona et profiter pleinement de votre s\u00e9jour.","breadcrumb":{"@id":"https:\/\/cardonaturisme.cat\/fr\/planifiez\/office-de-tourisme\/#breadcrumb"},"inLanguage":"fr-FR","potentialAction":[{"@type":"ReadAction","target":["https:\/\/cardonaturisme.cat\/fr\/planifiez\/office-de-tourisme\/"]}]},{"@type":"ImageObject","inLanguage":"fr-FR","@id":"https:\/\/cardonaturisme.cat\/fr\/planifiez\/office-de-tourisme\/#primaryimage","url":"https:\/\/cardonaturisme.cat\/wp-content\/uploads\/2024\/10\/centre-cardona-medieval-30-1024x683.jpg","contentUrl":"https:\/\/cardonaturisme.cat\/wp-content\/uploads\/2024\/10\/centre-cardona-medieval-30-1024x683.jpg"},{"@type":"BreadcrumbList","@id":"https:\/\/cardonaturisme.cat\/fr\/planifiez\/office-de-tourisme\/#breadcrumb","itemListElement":[{"@type":"ListItem","position":1,"name":"Inici","item":"https:\/\/cardonaturisme.cat\/fr\/"},{"@type":"ListItem","position":2,"name":"planifiez","item":"https:\/\/cardonaturisme.cat\/fr\/planifica\/"},{"@type":"ListItem","position":3,"name":"office de tourisme"}]},{"@type":"WebSite","@id":"https:\/\/cardonaturisme.cat\/fr\/#website","url":"https:\/\/cardonaturisme.cat\/fr\/","name":"Cardona Turisme","description":"La teva hist\u00f2ria","publisher":{"@id":"https:\/\/cardonaturisme.cat\/fr\/#organization"},"potentialAction":[{"@type":"SearchAction","target":{"@type":"EntryPoint","urlTemplate":"https:\/\/cardonaturisme.cat\/fr\/?s={search_term_string}"},"query-input":{"@type":"PropertyValueSpecification","valueRequired":true,"valueName":"search_term_string"}}],"inLanguage":"fr-FR"},{"@type":"Organization","@id":"https:\/\/cardonaturisme.cat\/fr\/#organization","name":"Cardona Turisme","url":"https:\/\/cardonaturisme.cat\/fr\/","logo":{"@type":"ImageObject","inLanguage":"fr-FR","@id":"https:\/\/cardonaturisme.cat\/fr\/#\/schema\/logo\/image\/","url":"https:\/\/cardonaturisme.cat\/wp-content\/uploads\/2023\/10\/logo-vermell-cardonaturisme.svg","contentUrl":"https:\/\/cardonaturisme.cat\/wp-content\/uploads\/2023\/10\/logo-vermell-cardonaturisme.svg","caption":"Cardona Turisme"},"image":{"@id":"https:\/\/cardonaturisme.cat\/fr\/#\/schema\/logo\/image\/"},"sameAs":["https:\/\/www.facebook.com\/p\/Fundaci-Cardona-Histrica-100063704192069\/","https:\/\/x.com\/cardonaturisme"]}]}},"_links":{"self":[{"href":"https:\/\/cardonaturisme.cat\/fr\/wp-json\/wp\/v2\/pages\/17124","targetHints":{"allow":["GET"]}}],"collection":[{"href":"https:\/\/cardonaturisme.cat\/fr\/wp-json\/wp\/v2\/pages"}],"about":[{"href":"https:\/\/cardonaturisme.cat\/fr\/wp-json\/wp\/v2\/types\/page"}],"author":[{"embeddable":true,"href":"https:\/\/cardonaturisme.cat\/fr\/wp-json\/wp\/v2\/users\/1"}],"replies":[{"embeddable":true,"href":"https:\/\/cardonaturisme.cat\/fr\/wp-json\/wp\/v2\/comments?post=17124"}],"version-history":[{"count":7,"href":"https:\/\/cardonaturisme.cat\/fr\/wp-json\/wp\/v2\/pages\/17124\/revisions"}],"predecessor-version":[{"id":17503,"href":"https:\/\/cardonaturisme.cat\/fr\/wp-json\/wp\/v2\/pages\/17124\/revisions\/17503"}],"up":[{"embeddable":true,"href":"https:\/\/cardonaturisme.cat\/fr\/wp-json\/wp\/v2\/pages\/17626"}],"wp:attachment":[{"href":"https:\/\/cardonaturisme.cat\/fr\/wp-json\/wp\/v2\/media?parent=17124"}],"curies":[{"name":"wp","href":"https:\/\/api.w.org\/{rel}","templated":true}]}}